{"id":9,"date":"2015-03-24T13:35:39","date_gmt":"2015-03-24T19:35:39","guid":{"rendered":"http:\/\/www.arodal.com.mx\/site\/?page_id=9"},"modified":"2015-04-26T22:43:28","modified_gmt":"2015-04-27T04:43:28","slug":"nosotros","status":"publish","type":"page","link":"https:\/\/www.arodal.com.mx\/site\/nosotros\/","title":{"rendered":"Nosotros"},"content":{"rendered":"<p style=\"text-align: center;\"><img loading=\"lazy\" class=\"aligncenter size-full wp-image-34\" src=\"http:\/\/www.arodal.com.mx\/site\/wp-content\/uploads\/2015\/03\/imagen-nosotros-500x300.png\" alt=\"nuestras-instalaciones-arodal\" width=\"500\" height=\"300\" srcset=\"https:\/\/www.arodal.com.mx\/site\/wp-content\/uploads\/2015\/03\/imagen-nosotros-500x300.png 500w, https:\/\/www.arodal.com.mx\/site\/wp-content\/uploads\/2015\/03\/imagen-nosotros-500x300-300x180.png 300w, https:\/\/www.arodal.com.mx\/site\/wp-content\/uploads\/2015\/03\/imagen-nosotros-500x300-240x145.png 240w\" sizes=\"(max-width: 500px) 100vw, 500px\" \/><\/p>\n<p><strong>ARODAL<\/strong> inici\u00f3 sus Operaciones el 06 de Junio de 2011 en el Estado de San Luis Potos\u00ed, con el objetivo de Ofrecer a la industria servicios de gesti\u00f3n Integral de residuos industriales no peligrosos y soluciones de impacto ambiental de los mismos. As\u00ed como, generar\u00a0\u00a0 materias primas recicladas que contribuyan a minimizar el impacto ecol\u00f3gico, econ\u00f3mico y social.<\/p>\n<p>Buscando siempre que la calidad de nuestros servicios sean garant\u00eda de plena satisfacci\u00f3n en nuestros socios comerciales, as\u00ed como el bienestar personal y desarrollo de nuestro capital humano.<\/p>\n","protected":false},"excerpt":{"rendered":"<p>ARODAL inici\u00f3 sus Operaciones el 06 de Junio de 2011 en el Estado de San Luis Potos\u00ed, con el objetivo de Ofrecer a la industria servicios de gesti\u00f3n Integral de residuos industriales no peligrosos y soluciones de impacto ambiental de los mismos. As\u00ed como, generar\u00a0\u00a0 materias primas recicladas que contribuyan a minimizar el impacto ecol\u00f3gico,&#8230; <\/p>\n","protected":false},"author":1,"featured_media":0,"parent":0,"menu_order":0,"comment_status":"closed","ping_status":"closed","template":"","meta":[],"aioseo_notices":[],"_links":{"self":[{"href":"https:\/\/www.arodal.com.mx\/site\/wp-json\/wp\/v2\/pages\/9"}],"collection":[{"href":"https:\/\/www.arodal.com.mx\/site\/wp-json\/wp\/v2\/pages"}],"about":[{"href":"https:\/\/www.arodal.com.mx\/site\/wp-json\/wp\/v2\/types\/page"}],"author":[{"embeddable":true,"href":"https:\/\/www.arodal.com.mx\/site\/wp-json\/wp\/v2\/users\/1"}],"replies":[{"embeddable":true,"href":"https:\/\/www.arodal.com.mx\/site\/wp-json\/wp\/v2\/comments?post=9"}],"version-history":[{"count":4,"href":"https:\/\/www.arodal.com.mx\/site\/wp-json\/wp\/v2\/pages\/9\/revisions"}],"predecessor-version":[{"id":35,"href":"https:\/\/www.arodal.com.mx\/site\/wp-json\/wp\/v2\/pages\/9\/revisions\/35"}],"wp:attachment":[{"href":"https:\/\/www.arodal.com.mx\/site\/wp-json\/wp\/v2\/media?parent=9"}],"curies":[{"name":"wp","href":"https:\/\/api.w.org\/{rel}","templated":true}]}}